{"id":141,"date":"2023-03-14T10:42:48","date_gmt":"2023-03-14T10:42:48","guid":{"rendered":"https:\/\/export.mercurytheme.com\/013\/?page_id=141"},"modified":"2025-12-27T12:36:10","modified_gmt":"2025-12-27T12:36:10","slug":"privacy-policy-2","status":"publish","type":"page","link":"https:\/\/www.jerkay.us\/da\/privacy-policy-2\/","title":{"rendered":"Politik for beskyttelse af personlige oplysninger"},"content":{"rendered":"<p>Vi er forpligtet til at beskytte vores brugeres privatliv.<\/p>\n\n\n\n<p>Denne politik g\u00e6lder, n\u00e5r vi fungerer som dataansvarlig med hensyn til vores servicebrugeres personoplysninger; med andre ord, n\u00e5r vi bestemmer form\u00e5lene med og midlerne til behandling af personoplysninger.<\/p>\n\n\n\n<p>N\u00e5r du bruger vores tjeneste, giver du samtykke til overf\u00f8rsel af personoplysninger som angivet i denne politik.<\/p>\n\n\n\n<hr class=\"wp-block-separator has-alpha-channel-opacity\"\/>\n\n\n\n<h2 class=\"wp-block-heading\">S\u00e5dan bruger vi dine personlige data<\/h2>\n\n\n\n<h3 class=\"wp-block-heading\">Profil-data<\/h3>\n\n\n\n<p>Vi kan behandle oplysninger, der er inkluderet i din personlige profil p\u00e5 vores tjeneste (\u201cprofildata\u201d). Disse data kan omfatte dit navn, din alder, din e-mailadresse, dit profilbillede og andre oplysninger, som du giver os tilladelse til at indsamle. Til godkendelse og kontooprettelse kan vi bruge eksterne tjenester som Google Login eller Facebook Login, der anmoder om adgang til specifikke data som dit navn, din e-mailadresse og dit profilbillede for at str\u00f8mline registreringen.<\/p>\n\n\n\n<p>Vi har ikke adgang til eller indsamler yderligere persondata fra disse platforme ud over det, der er beskrevet i denne politik. Profildataene behandles for at muligg\u00f8re og overv\u00e5ge din brug af vores tjeneste.<\/p>\n\n\n\n<h3 class=\"wp-block-heading\">Brugsdata<\/h3>\n\n\n\n<p>Vi kan behandle data om din brug af vores tjeneste (\u201cbrugsdata\u201d). Brugsdata kan omfatte din IP-adresse, geografiske placering (begr\u00e6nset til land og stat), browsertype og -version, operativsystem, henvisningskilde, bes\u00f8gsl\u00e6ngde, sidevisninger og navigationsstier. Disse data indsamles via vores analysesporingssystem for at analysere brugsm\u00f8nstre og forbedre vores service.<\/p>\n\n\n\n<p>Retsgrundlaget for denne behandling er dit samtykke (som det fremg\u00e5r af din brug af vores tjeneste) og vores legitime interesser i at forbedre vores tjeneste.<\/p>\n\n\n\n<h3 class=\"wp-block-heading\">Foresp\u00f8rgselsdata<\/h3>\n\n\n\n<p>Vi kan behandle data, der er indeholdt i eventuelle foresp\u00f8rgsler, du sender til os vedr\u00f8rende vores tjenester (\u201cforesp\u00f8rgselsdata\u201d). Disse data behandles for at svare p\u00e5 dine foresp\u00f8rgsler og fremme relevante tilbud.<\/p>\n\n\n\n<h3 class=\"wp-block-heading\">Data om kommunikation og korrespondance<\/h3>\n\n\n\n<p>Vi kan behandle oplysninger fra kommunikation sendt via vores tjeneste (\u201ckorrespondancedata\u201d). Dette kan omfatte meddelelsesindhold, metadata og relaterede oplysninger. Dataene behandles for at lette kommunikationen og sikre korrekt registrering med henblik p\u00e5 forbedring af tjenesten.<\/p>\n\n\n\n<h3 class=\"wp-block-heading\">Transaktionsdata<\/h3>\n\n\n\n<p>Vi kan behandle data relateret til k\u00f8b eller transaktioner foretaget via vores tjeneste (\u201ctransaktionsdata\u201d). Disse data kan omfatte dine kontaktoplysninger, betalingsoplysninger og transaktionsoplysninger. Form\u00e5let er at levere k\u00f8bte tjenester og opretholde korrekte \u00f8konomiske optegnelser.<\/p>\n\n\n\n<h3 class=\"wp-block-heading\">Klientdata<\/h3>\n\n\n\n<p>Vi kan indsamle oplysninger om din enhed, browser og operativsystem (\u201cklientdata\u201d) for at forbedre brugeroplevelsen og forbedre serviceadministrationen. Dette omfatter data som enhedsproducent, browserversion og IP-adresse.<\/p>\n\n\n\n<h3 class=\"wp-block-heading\">Besked- og kommunikationsdata<\/h3>\n\n\n\n<p>Vi kan behandle oplysninger om tekstbeskeder eller videokommunikation, der sendes via vores platform (\u201cbeskeddata\u201d og \u201ckommunikationsdata\u201d). Disse data bruges til at lette kommunikationen, overv\u00e5ge tjenestens ydeevne og behandle klager eller upassende adf\u00e6rd.<\/p>\n\n\n\n<h3 class=\"wp-block-heading\">Data om forbud og klager<\/h3>\n\n\n\n<p>Vi kan behandle oplysninger relateret til forbud eller klager (\u201cforbudsdata\u201d og \u201cklagedata\u201d) for at h\u00e5ndh\u00e6ve vores servicevilk\u00e5r. Forbudsdata kan omfatte billeder af videoframes rapporteret af brugere eller markeret af vores system for upassende adf\u00e6rd.<\/p>\n\n\n\n<h3 class=\"wp-block-heading\">Log-data<\/h3>\n\n\n\n<p>Som de fleste platforme behandler vi logdata, der indsamles af din browser under bes\u00f8g p\u00e5 vores websted. Dette omfatter IP-adresser, browsertype og -version, bes\u00f8gte sider og tid brugt p\u00e5 vores websted. Disse data omfatter ikke personligt identificerbare oplysninger.<\/p>\n\n\n\n<hr class=\"wp-block-separator has-alpha-channel-opacity\"\/>\n\n\n\n<h2 class=\"wp-block-heading\">Udlevering af dine personlige data til andre<\/h2>\n\n\n\n<ul class=\"wp-block-list\">\n<li><strong>Betalingsprocessorer<\/strong>: Vi kan dele transaktionsdata med betalingsprocessorer (f.eks. PayPal, Stripe og Google Pay) til behandling af betalinger og h\u00e5ndtering af tvister.<\/li>\n\n\n\n<li><strong>Tredjeparts tjenester<\/strong>: Eksterne integrationer, s\u00e5som Google Analytics, kan indsamle data for at analysere brugeradf\u00e6rd og forbedre vores tjenester. For detaljer, se deres respektive privatlivspolitikker.<\/li>\n<\/ul>\n\n\n\n<hr class=\"wp-block-separator has-alpha-channel-opacity\"\/>\n\n\n\n<h2 class=\"wp-block-heading\">Internationale overf\u00f8rsler af dine data<\/h2>\n\n\n\n<p>Vores hostingfaciliteter er placeret i USA og Europa. Brugere uden for disse regioner skal v\u00e6re opm\u00e6rksomme p\u00e5, at deres data kan blive behandlet i lande med forskellige love om beskyttelse af personlige oplysninger. Ved at bruge vores tjeneste giver du dit samtykke til disse dataoverf\u00f8rsler.<\/p>\n\n\n\n<hr class=\"wp-block-separator has-alpha-channel-opacity\"\/>\n\n\n\n<h2 class=\"wp-block-heading\">Opbevaring og sletning af persondata<\/h2>\n\n\n\n<p>Vi opbevarer kun personoplysninger, s\u00e5 l\u00e6nge det er n\u00f8dvendigt til de form\u00e5l, der er angivet i denne politik. For eksempel:<\/p>\n\n\n\n<ul class=\"wp-block-list\">\n<li><strong>Profil-data<\/strong>: Bevares, s\u00e5 l\u00e6nge din konto er aktiv.<\/li>\n\n\n\n<li><strong>Meddelelsesdata<\/strong>: Gemmes ikke ud over transmission, medmindre det markeres til gennemgang (f.eks. i tilf\u00e6lde af forbud).<\/li>\n\n\n\n<li><strong>Forbud mod data<\/strong>: Bevares i hele forbudsperioden.<\/li>\n<\/ul>\n\n\n\n<p>Du kan anmode om sletning af dine data ved at kontakte os, undtagen hvor opbevaring er p\u00e5kr\u00e6vet ved lov.<\/p>\n\n\n\n<hr class=\"wp-block-separator has-alpha-channel-opacity\"\/>\n\n\n\n<h2 class=\"wp-block-heading\">Beskyttelse af dine personlige data<\/h2>\n\n\n\n<p>Vi implementerer sikkerhedsforanstaltninger af branchestandard for at beskytte brugerdata, herunder:<\/p>\n\n\n\n<ul class=\"wp-block-list\">\n<li>Sikker dataoverf\u00f8rsel via SSL.<\/li>\n\n\n\n<li>Sikre hostingmilj\u00f8er.<\/li>\n\n\n\n<li>Adgangsbegr\u00e6nsninger kun for autoriseret personale.<\/li>\n<\/ul>\n\n\n\n<p>Intet system er dog 100% sikkert. Brugere overf\u00f8rer data p\u00e5 egen risiko. Hvis du mener, at dine data er blevet kompromitteret, skal du straks kontakte os.<\/p>\n\n\n\n<hr class=\"wp-block-separator has-alpha-channel-opacity\"\/>\n\n\n\n<h2 class=\"wp-block-heading\">Sm\u00e5kager<\/h2>\n\n\n\n<p>Vi bruger cookies til at forbedre brugeroplevelsen og spore brugen af webstedet. Cookies er sm\u00e5 filer, der gemmes p\u00e5 din enhed og bruges til f.eks. autentificering og analyse.<\/p>\n\n\n\n<p>Du kan administrere eller blokere cookies via dine browserindstillinger. Bem\u00e6rk, at deaktivering af cookies kan p\u00e5virke funktionaliteten af vores tjeneste.<\/p>\n\n\n\n<hr class=\"wp-block-separator has-alpha-channel-opacity\"\/>\n\n\n\n<h2 class=\"wp-block-heading\">Dine rettigheder<\/h2>\n\n\n\n<p>Afh\u00e6ngigt af din placering kan du have f\u00f8lgende rettigheder vedr\u00f8rende dine data:<\/p>\n\n\n\n<ul class=\"wp-block-list\">\n<li>Anmode om adgang, rettelse eller sletning af dine data.<\/li>\n\n\n\n<li>Indsigelse mod eller begr\u00e6nsning af databehandling.<\/li>\n\n\n\n<li>Tr\u00e6k dit samtykke tilbage n\u00e5r som helst.<\/li>\n<\/ul>\n\n\n\n<p>Hvis du vil g\u00f8re brug af dine rettigheder, bedes du kontakte os p\u00e5 <strong><a href=\"mailto:support@tinychat.fun\">support@jerkay.us<\/a><\/strong>.<\/p>\n\n\n\n<hr class=\"wp-block-separator has-alpha-channel-opacity\"\/>\n\n\n\n<h2 class=\"wp-block-heading\">B\u00f8rns privatliv<\/h2>\n\n\n\n<p>Jerkay.us er ikke beregnet til personer under 18 \u00e5r. Vi indsamler ikke bevidst data fra b\u00f8rn. Hvis vi bliver opm\u00e6rksomme p\u00e5, at data fra en mindre\u00e5rig er blevet indsamlet, vil vi tage skridt til at slette dem med det samme.<\/p>\n\n\n\n<hr class=\"wp-block-separator has-alpha-channel-opacity\"\/>\n\n\n\n<h2 class=\"wp-block-heading\">\u00c6ndringer<\/h2>\n\n\n\n<p>Denne politik kan blive opdateret fra tid til anden. L\u00e6s denne side med j\u00e6vne mellemrum for at holde dig orienteret om, hvordan vi beskytter dine data.<\/p>\n\n\n\n<hr class=\"wp-block-separator has-alpha-channel-opacity\"\/>\n\n\n\n<h2 class=\"wp-block-heading\">Kontakt os<\/h2>\n\n\n\n<p>Hvis du har sp\u00f8rgsm\u00e5l eller bekymringer om denne politik, kan du kontakte os p\u00e5 <strong><a href=\"mailto:support@meetgle.cam\">support@Jerkay.us<\/a><\/strong>.<\/p>\n\n\n\n<p><\/p>","protected":false},"excerpt":{"rendered":"<p>We are committed to safeguarding the privacy of our service users. This policy applies where we act as a data controller with respect to the personal data of our service users; in other words, where we determine the purposes and means of processing personal data. By using our service, you consent to the transmission of [&hellip;]<\/p>","protected":false},"author":4,"featured_media":0,"parent":0,"menu_order":0,"comment_status":"closed","ping_status":"closed","template":"","meta":{"_acf_changed":false,"footnotes":""},"class_list":["post-141","page","type-page","status-publish","hentry"],"acf":[],"yoast_head":"<!-- This site is optimized with the Yoast SEO plugin v26.7 - https:\/\/yoast.com\/wordpress\/plugins\/seo\/ -->\n<title>Privacy Policy - Jerkay<\/title>\n<meta name=\"robots\" content=\"index, follow, max-snippet:-1, max-image-preview:large, max-video-preview:-1\" \/>\n<link rel=\"canonical\" href=\"https:\/\/www.jerkay.us\/da\/privacy-policy-2\/\" \/>\n<meta property=\"og:locale\" content=\"da_DK\" \/>\n<meta property=\"og:type\" content=\"article\" \/>\n<meta property=\"og:title\" content=\"Privacy Policy - Jerkay\" \/>\n<meta property=\"og:description\" content=\"We are committed to safeguarding the privacy of our service users. This policy applies where we act as a data controller with respect to the personal data of our service users; in other words, where we determine the purposes and means of processing personal data. By using our service, you consent to the transmission of [&hellip;]\" \/>\n<meta property=\"og:url\" content=\"https:\/\/www.jerkay.us\/da\/privacy-policy-2\/\" \/>\n<meta property=\"og:site_name\" content=\"Jerkay\" \/>\n<meta property=\"article:modified_time\" content=\"2025-12-27T12:36:10+00:00\" \/>\n<meta name=\"twitter:card\" content=\"summary_large_image\" \/>\n<meta name=\"twitter:label1\" content=\"Estimeret l\u00e6setid\" \/>\n\t<meta name=\"twitter:data1\" content=\"5 minutter\" \/>\n<script type=\"application\/ld+json\" class=\"yoast-schema-graph\">{\"@context\":\"https:\/\/schema.org\",\"@graph\":[{\"@type\":\"WebPage\",\"@id\":\"https:\/\/www.jerkay.us\/privacy-policy-2\/\",\"url\":\"https:\/\/www.jerkay.us\/privacy-policy-2\/\",\"name\":\"Privacy Policy - Jerkay\",\"isPartOf\":{\"@id\":\"https:\/\/www.jerkay.us\/fr\/#website\"},\"datePublished\":\"2023-03-14T10:42:48+00:00\",\"dateModified\":\"2025-12-27T12:36:10+00:00\",\"breadcrumb\":{\"@id\":\"https:\/\/www.jerkay.us\/privacy-policy-2\/#breadcrumb\"},\"inLanguage\":\"da-DK\",\"potentialAction\":[{\"@type\":\"ReadAction\",\"target\":[\"https:\/\/www.jerkay.us\/privacy-policy-2\/\"]}]},{\"@type\":\"BreadcrumbList\",\"@id\":\"https:\/\/www.jerkay.us\/privacy-policy-2\/#breadcrumb\",\"itemListElement\":[{\"@type\":\"ListItem\",\"position\":1,\"name\":\"Home\",\"item\":\"https:\/\/www.jerkay.us\/\"},{\"@type\":\"ListItem\",\"position\":2,\"name\":\"Privacy Policy\"}]},{\"@type\":\"WebSite\",\"@id\":\"https:\/\/www.jerkay.us\/fr\/#website\",\"url\":\"https:\/\/www.jerkay.us\/fr\/\",\"name\":\"Jerkay\",\"description\":\"\",\"potentialAction\":[{\"@type\":\"SearchAction\",\"target\":{\"@type\":\"EntryPoint\",\"urlTemplate\":\"https:\/\/www.jerkay.us\/fr\/?s={search_term_string}\"},\"query-input\":{\"@type\":\"PropertyValueSpecification\",\"valueRequired\":true,\"valueName\":\"search_term_string\"}}],\"inLanguage\":\"da-DK\"}]}<\/script>\n<!-- \/ Yoast SEO plugin. -->","yoast_head_json":{"title":"Politik for beskyttelse af personlige oplysninger - Jerkay","robots":{"index":"index","follow":"follow","max-snippet":"max-snippet:-1","max-image-preview":"max-image-preview:large","max-video-preview":"max-video-preview:-1"},"canonical":"https:\/\/www.jerkay.us\/da\/privacy-policy-2\/","og_locale":"da_DK","og_type":"article","og_title":"Privacy Policy - Jerkay","og_description":"We are committed to safeguarding the privacy of our service users. This policy applies where we act as a data controller with respect to the personal data of our service users; in other words, where we determine the purposes and means of processing personal data. By using our service, you consent to the transmission of [&hellip;]","og_url":"https:\/\/www.jerkay.us\/da\/privacy-policy-2\/","og_site_name":"Jerkay","article_modified_time":"2025-12-27T12:36:10+00:00","twitter_card":"summary_large_image","twitter_misc":{"Estimeret l\u00e6setid":"5 minutter"},"schema":{"@context":"https:\/\/schema.org","@graph":[{"@type":"WebPage","@id":"https:\/\/www.jerkay.us\/privacy-policy-2\/","url":"https:\/\/www.jerkay.us\/privacy-policy-2\/","name":"Politik for beskyttelse af personlige oplysninger - Jerkay","isPartOf":{"@id":"https:\/\/www.jerkay.us\/fr\/#website"},"datePublished":"2023-03-14T10:42:48+00:00","dateModified":"2025-12-27T12:36:10+00:00","breadcrumb":{"@id":"https:\/\/www.jerkay.us\/privacy-policy-2\/#breadcrumb"},"inLanguage":"da-DK","potentialAction":[{"@type":"ReadAction","target":["https:\/\/www.jerkay.us\/privacy-policy-2\/"]}]},{"@type":"BreadcrumbList","@id":"https:\/\/www.jerkay.us\/privacy-policy-2\/#breadcrumb","itemListElement":[{"@type":"ListItem","position":1,"name":"Home","item":"https:\/\/www.jerkay.us\/"},{"@type":"ListItem","position":2,"name":"Privacy Policy"}]},{"@type":"WebSite","@id":"https:\/\/www.jerkay.us\/fr\/#website","url":"https:\/\/www.jerkay.us\/fr\/","name":"Jerkay","description":"","potentialAction":[{"@type":"SearchAction","target":{"@type":"EntryPoint","urlTemplate":"https:\/\/www.jerkay.us\/fr\/?s={search_term_string}"},"query-input":{"@type":"PropertyValueSpecification","valueRequired":true,"valueName":"search_term_string"}}],"inLanguage":"da-DK"}]}},"_links":{"self":[{"href":"https:\/\/www.jerkay.us\/da\/wp-json\/wp\/v2\/pages\/141","targetHints":{"allow":["GET"]}}],"collection":[{"href":"https:\/\/www.jerkay.us\/da\/wp-json\/wp\/v2\/pages"}],"about":[{"href":"https:\/\/www.jerkay.us\/da\/wp-json\/wp\/v2\/types\/page"}],"author":[{"embeddable":true,"href":"https:\/\/www.jerkay.us\/da\/wp-json\/wp\/v2\/users\/4"}],"replies":[{"embeddable":true,"href":"https:\/\/www.jerkay.us\/da\/wp-json\/wp\/v2\/comments?post=141"}],"version-history":[{"count":5,"href":"https:\/\/www.jerkay.us\/da\/wp-json\/wp\/v2\/pages\/141\/revisions"}],"predecessor-version":[{"id":903,"href":"https:\/\/www.jerkay.us\/da\/wp-json\/wp\/v2\/pages\/141\/revisions\/903"}],"wp:attachment":[{"href":"https:\/\/www.jerkay.us\/da\/wp-json\/wp\/v2\/media?parent=141"}],"curies":[{"name":"wp","href":"https:\/\/api.w.org\/{rel}","templated":true}]}}