{"id":141,"date":"2023-03-14T10:42:48","date_gmt":"2023-03-14T10:42:48","guid":{"rendered":"https:\/\/export.mercurytheme.com\/013\/?page_id=141"},"modified":"2025-12-27T12:36:10","modified_gmt":"2025-12-27T12:36:10","slug":"privacy-policy-2","status":"publish","type":"page","link":"https:\/\/www.jerkay.us\/cs\/privacy-policy-2\/","title":{"rendered":"Z\u00e1sady ochrany osobn\u00edch \u00fadaj\u016f"},"content":{"rendered":"<p>Zavazujeme se chr\u00e1nit soukrom\u00ed u\u017eivatel\u016f na\u0161ich slu\u017eeb.<\/p>\n\n\n\n<p>Tyto z\u00e1sady se vztahuj\u00ed na p\u0159\u00edpady, kdy vystupujeme jako spr\u00e1vce osobn\u00edch \u00fadaj\u016f u\u017eivatel\u016f na\u0161ich slu\u017eeb; jin\u00fdmi slovy, kdy ur\u010dujeme \u00fa\u010dely a prost\u0159edky zpracov\u00e1n\u00ed osobn\u00edch \u00fadaj\u016f.<\/p>\n\n\n\n<p>Pou\u017e\u00edv\u00e1n\u00edm na\u0161ich slu\u017eeb souhlas\u00edte s p\u0159ed\u00e1v\u00e1n\u00edm osobn\u00edch \u00fadaj\u016f, jak je uvedeno v t\u011bchto z\u00e1sad\u00e1ch.<\/p>\n\n\n\n<hr class=\"wp-block-separator has-alpha-channel-opacity\"\/>\n\n\n\n<h2 class=\"wp-block-heading\">Jak pou\u017e\u00edv\u00e1me va\u0161e osobn\u00ed \u00fadaje<\/h2>\n\n\n\n<h3 class=\"wp-block-heading\">Profilov\u00e1 data<\/h3>\n\n\n\n<p>M\u016f\u017eeme zpracov\u00e1vat informace obsa\u017een\u00e9 ve va\u0161em osobn\u00edm profilu v na\u0161\u00ed slu\u017eb\u011b (\u201cprofilov\u00e9 \u00fadaje\u201d). Tyto \u00fadaje mohou zahrnovat va\u0161e jm\u00e9no, v\u011bk, e-mailovou adresu, profilov\u00fd obr\u00e1zek a dal\u0161\u00ed informace, jejich\u017e shroma\u017e\u010fov\u00e1n\u00ed n\u00e1m povol\u00edte. Pro ov\u011b\u0159ov\u00e1n\u00ed a vytv\u00e1\u0159en\u00ed \u00fa\u010dt\u016f m\u016f\u017eeme pou\u017e\u00edvat extern\u00ed slu\u017eby, jako je Google Login nebo Facebook Login, a po\u017eadovat p\u0159\u00edstup ke konkr\u00e9tn\u00edm \u00fadaj\u016fm, jako je va\u0161e jm\u00e9no, e-mail a profilov\u00fd obr\u00e1zek, abychom zjednodu\u0161ili registraci.<\/p>\n\n\n\n<p>K dal\u0161\u00edm osobn\u00edm \u00fadaj\u016fm z t\u011bchto platforem nep\u0159istupujeme ani je neshroma\u017e\u010fujeme nad r\u00e1mec toho, co je uvedeno v t\u011bchto z\u00e1sad\u00e1ch. Profilov\u00e9 \u00fadaje jsou zpracov\u00e1v\u00e1ny za \u00fa\u010delem umo\u017en\u011bn\u00ed a sledov\u00e1n\u00ed va\u0161eho pou\u017e\u00edv\u00e1n\u00ed na\u0161ich slu\u017eeb.<\/p>\n\n\n\n<h3 class=\"wp-block-heading\">\u00dadaje o pou\u017e\u00edv\u00e1n\u00ed<\/h3>\n\n\n\n<p>M\u016f\u017eeme zpracov\u00e1vat \u00fadaje o va\u0161em pou\u017e\u00edv\u00e1n\u00ed na\u0161ich slu\u017eeb (\u201c\u00fadaje o pou\u017e\u00edv\u00e1n\u00ed\u201d). \u00dadaje o pou\u017e\u00edv\u00e1n\u00ed mohou zahrnovat va\u0161i IP adresu, zem\u011bpisnou polohu (omezenou na zemi a st\u00e1t), typ a verzi prohl\u00ed\u017ee\u010de, opera\u010dn\u00ed syst\u00e9m, zdroj odkazu, d\u00e9lku n\u00e1v\u0161t\u011bvy, zobrazen\u00ed str\u00e1nek a naviga\u010dn\u00ed cesty. Tyto \u00fadaje jsou shroma\u017e\u010fov\u00e1ny prost\u0159ednictv\u00edm na\u0161eho analytick\u00e9ho syst\u00e9mu sledov\u00e1n\u00ed za \u00fa\u010delem anal\u00fdzy vzorc\u016f pou\u017e\u00edv\u00e1n\u00ed a zlep\u0161ov\u00e1n\u00ed na\u0161ich slu\u017eeb.<\/p>\n\n\n\n<p>Pr\u00e1vn\u00edm z\u00e1kladem pro toto zpracov\u00e1n\u00ed je v\u00e1\u0161 souhlas (jak se projevuje ve va\u0161em pou\u017e\u00edv\u00e1n\u00ed na\u0161ich slu\u017eeb) a n\u00e1\u0161 opr\u00e1vn\u011bn\u00fd z\u00e1jem na zlep\u0161en\u00ed na\u0161ich slu\u017eeb.<\/p>\n\n\n\n<h3 class=\"wp-block-heading\">\u00dadaje o popt\u00e1vce<\/h3>\n\n\n\n<p>M\u016f\u017eeme zpracov\u00e1vat \u00fadaje obsa\u017een\u00e9 v dotazech, kter\u00e9 n\u00e1m za\u0161lete ohledn\u011b na\u0161ich slu\u017eeb (\u201c\u00fadaje z dotaz\u016f\u201d). Tyto \u00fadaje jsou zpracov\u00e1v\u00e1ny za \u00fa\u010delem odpov\u011bdi na va\u0161e dotazy a propagace p\u0159\u00edslu\u0161n\u00fdch nab\u00eddek.<\/p>\n\n\n\n<h3 class=\"wp-block-heading\">\u00dadaje o komunikaci a korespondenci<\/h3>\n\n\n\n<p>M\u016f\u017eeme zpracov\u00e1vat informace z komunikace zaslan\u00e9 prost\u0159ednictv\u00edm na\u0161\u00ed slu\u017eby (\u201ckoresponden\u010dn\u00ed \u00fadaje\u201d). Mohou zahrnovat obsah zpr\u00e1v, metadata a souvisej\u00edc\u00ed informace. Tyto \u00fadaje jsou zpracov\u00e1v\u00e1ny za \u00fa\u010delem usnadn\u011bn\u00ed komunikace a zaji\u0161t\u011bn\u00ed \u0159\u00e1dn\u00e9 evidence pro zlep\u0161en\u00ed slu\u017eby.<\/p>\n\n\n\n<h3 class=\"wp-block-heading\">Transak\u010dn\u00ed \u00fadaje<\/h3>\n\n\n\n<p>M\u016f\u017eeme zpracov\u00e1vat \u00fadaje t\u00fdkaj\u00edc\u00ed se n\u00e1kup\u016f nebo transakc\u00ed proveden\u00fdch prost\u0159ednictv\u00edm na\u0161\u00ed slu\u017eby (\u201c\u00fadaje o transakc\u00edch\u201d). Tyto \u00fadaje mohou zahrnovat va\u0161e kontaktn\u00ed \u00fadaje, platebn\u00ed \u00fadaje a \u00fadaje o transakc\u00edch. \u00da\u010delem je poskytov\u00e1n\u00ed zakoupen\u00fdch slu\u017eeb a veden\u00ed \u0159\u00e1dn\u00e9 finan\u010dn\u00ed evidence.<\/p>\n\n\n\n<h3 class=\"wp-block-heading\">\u00dadaje o klientech<\/h3>\n\n\n\n<p>M\u016f\u017eeme shroma\u017e\u010fovat informace o va\u0161em za\u0159\u00edzen\u00ed, prohl\u00ed\u017ee\u010di a opera\u010dn\u00edm syst\u00e9mu (d\u00e1le jen \u201cklientsk\u00e9 \u00fadaje\u201d), abychom zlep\u0161ili u\u017eivatelsk\u00e9 prost\u0159ed\u00ed a zlep\u0161ili spr\u00e1vu slu\u017eeb. Pat\u0159\u00ed sem \u00fadaje jako v\u00fdrobce za\u0159\u00edzen\u00ed, verze prohl\u00ed\u017ee\u010de a IP adresa.<\/p>\n\n\n\n<h3 class=\"wp-block-heading\">\u00dadaje o zpr\u00e1v\u00e1ch a komunikaci<\/h3>\n\n\n\n<p>M\u016f\u017eeme zpracov\u00e1vat informace o textov\u00fdch zpr\u00e1v\u00e1ch nebo videokomunikac\u00edch odeslan\u00fdch prost\u0159ednictv\u00edm na\u0161\u00ed platformy (\u201c\u00fadaje o zpr\u00e1v\u00e1ch\u201d a \u201c\u00fadaje o komunikaci\u201d). Tyto \u00fadaje slou\u017e\u00ed k usnadn\u011bn\u00ed komunikace, sledov\u00e1n\u00ed v\u00fdkonu slu\u017eby a \u0159e\u0161en\u00ed st\u00ed\u017enost\u00ed nebo nevhodn\u00e9ho chov\u00e1n\u00ed.<\/p>\n\n\n\n<h3 class=\"wp-block-heading\">\u00dadaje o z\u00e1kazech a st\u00ed\u017enostech<\/h3>\n\n\n\n<p>M\u016f\u017eeme zpracov\u00e1vat informace t\u00fdkaj\u00edc\u00ed se z\u00e1kaz\u016f nebo st\u00ed\u017enost\u00ed (d\u00e1le jen \u201c\u00fadaje o z\u00e1kazu\u201d a \u201c\u00fadaje o st\u00ed\u017enosti\u201d) za \u00fa\u010delem vym\u00e1h\u00e1n\u00ed na\u0161ich podm\u00ednek slu\u017eby. \u00dadaje o z\u00e1kazech mohou zahrnovat sn\u00edmky videosn\u00edmk\u016f nahl\u00e1\u0161en\u00fdch u\u017eivateli nebo ozna\u010den\u00fdch na\u0161\u00edm syst\u00e9mem za nevhodn\u00e9 chov\u00e1n\u00ed.<\/p>\n\n\n\n<h3 class=\"wp-block-heading\">Data protokolu<\/h3>\n\n\n\n<p>Stejn\u011b jako v\u011bt\u0161ina platforem zpracov\u00e1v\u00e1me data protokolu shrom\u00e1\u017ed\u011bn\u00e1 va\u0161\u00edm prohl\u00ed\u017ee\u010dem b\u011bhem n\u00e1v\u0161t\u011bvy na\u0161ich str\u00e1nek. Jedn\u00e1 se o IP adresy, typ a verzi prohl\u00ed\u017ee\u010de, nav\u0161t\u00edven\u00e9 str\u00e1nky a \u010das str\u00e1ven\u00fd na na\u0161ich str\u00e1nk\u00e1ch. Tyto \u00fadaje neobsahuj\u00ed osobn\u00ed \u00fadaje, kter\u00e9 by umo\u017e\u0148ovaly identifikaci.<\/p>\n\n\n\n<hr class=\"wp-block-separator has-alpha-channel-opacity\"\/>\n\n\n\n<h2 class=\"wp-block-heading\">Poskytov\u00e1n\u00ed va\u0161ich osobn\u00edch \u00fadaj\u016f jin\u00fdm osob\u00e1m<\/h2>\n\n\n\n<ul class=\"wp-block-list\">\n<li><strong>Zpracovatel\u00e9 plateb<\/strong>: \u00dadaje o transakc\u00edch m\u016f\u017eeme sd\u00edlet se zpracovateli plateb (nap\u0159. PayPal, Stripe a Google Pay) za \u00fa\u010delem zpracov\u00e1n\u00ed plateb a \u0159e\u0161en\u00ed spor\u016f.<\/li>\n\n\n\n<li><strong>Slu\u017eby t\u0159et\u00edch stran<\/strong>: Extern\u00ed integrace, jako je nap\u0159\u00edklad Google Analytics, mohou shroma\u017e\u010fovat \u00fadaje pro anal\u00fdzu chov\u00e1n\u00ed u\u017eivatel\u016f a zlep\u0161ov\u00e1n\u00ed na\u0161ich slu\u017eeb. Podrobnosti naleznete v jejich z\u00e1sad\u00e1ch ochrany osobn\u00edch \u00fadaj\u016f.<\/li>\n<\/ul>\n\n\n\n<hr class=\"wp-block-separator has-alpha-channel-opacity\"\/>\n\n\n\n<h2 class=\"wp-block-heading\">Mezin\u00e1rodn\u00ed p\u0159enosy va\u0161ich \u00fadaj\u016f<\/h2>\n\n\n\n<p>Na\u0161e hostingov\u00e1 za\u0159\u00edzen\u00ed se nach\u00e1zej\u00ed ve Spojen\u00fdch st\u00e1tech a v Evrop\u011b. U\u017eivatel\u00e9 mimo tyto regiony by si m\u011bli b\u00fdt v\u011bdomi, \u017ee jejich \u00fadaje mohou b\u00fdt zpracov\u00e1v\u00e1ny v zem\u00edch s odli\u0161n\u00fdmi z\u00e1kony o ochran\u011b osobn\u00edch \u00fadaj\u016f. Pou\u017e\u00edv\u00e1n\u00edm na\u0161ich slu\u017eeb vyjad\u0159ujete souhlas s t\u011bmito p\u0159enosy dat.<\/p>\n\n\n\n<hr class=\"wp-block-separator has-alpha-channel-opacity\"\/>\n\n\n\n<h2 class=\"wp-block-heading\">Uchov\u00e1v\u00e1n\u00ed a maz\u00e1n\u00ed osobn\u00edch \u00fadaj\u016f<\/h2>\n\n\n\n<p>Osobn\u00ed \u00fadaje uchov\u00e1v\u00e1me pouze po dobu nezbytnou pro \u00fa\u010dely uveden\u00e9 v t\u011bchto z\u00e1sad\u00e1ch. Nap\u0159\u00edklad:<\/p>\n\n\n\n<ul class=\"wp-block-list\">\n<li><strong>Profilov\u00e1 data<\/strong>: Uchov\u00e1v\u00e1 se po dobu, kdy je v\u00e1\u0161 \u00fa\u010det aktivn\u00ed.<\/li>\n\n\n\n<li><strong>\u00dadaje o zpr\u00e1v\u011b<\/strong>: Po odesl\u00e1n\u00ed se neukl\u00e1daj\u00ed, pokud nejsou ozna\u010deny ke kontrole (nap\u0159. v p\u0159\u00edpad\u011b z\u00e1kaz\u016f).<\/li>\n\n\n\n<li><strong>Z\u00e1kaz dat<\/strong>: Ponech\u00e1no po dobu trv\u00e1n\u00ed z\u00e1kazu.<\/li>\n<\/ul>\n\n\n\n<p>O vymaz\u00e1n\u00ed sv\u00fdch \u00fadaj\u016f m\u016f\u017eete po\u017e\u00e1dat tak, \u017ee n\u00e1s kontaktujete, s v\u00fdjimkou p\u0159\u00edpad\u016f, kdy je jejich uchov\u00e1v\u00e1n\u00ed vy\u017eadov\u00e1no z\u00e1konem.<\/p>\n\n\n\n<hr class=\"wp-block-separator has-alpha-channel-opacity\"\/>\n\n\n\n<h2 class=\"wp-block-heading\">Ochrana va\u0161ich osobn\u00edch \u00fadaj\u016f<\/h2>\n\n\n\n<p>K ochran\u011b u\u017eivatelsk\u00fdch dat pou\u017e\u00edv\u00e1me standardn\u00ed bezpe\u010dnostn\u00ed opat\u0159en\u00ed, v\u010detn\u011b:<\/p>\n\n\n\n<ul class=\"wp-block-list\">\n<li>Zabezpe\u010den\u00fd p\u0159enos dat prost\u0159ednictv\u00edm protokolu SSL.<\/li>\n\n\n\n<li>Zabezpe\u010den\u00e9 hostingov\u00e9 prost\u0159ed\u00ed.<\/li>\n\n\n\n<li>Omezen\u00ed p\u0159\u00edstupu pouze pro opr\u00e1vn\u011bn\u00e9 pracovn\u00edky.<\/li>\n<\/ul>\n\n\n\n<p>\u017d\u00e1dn\u00fd syst\u00e9m v\u0161ak nen\u00ed 100% bezpe\u010dn\u00fd. U\u017eivatel\u00e9 p\u0159en\u00e1\u0161ej\u00ed data na vlastn\u00ed nebezpe\u010d\u00ed. Pokud se domn\u00edv\u00e1te, \u017ee va\u0161e \u00fadaje byly ohro\u017eeny, neprodlen\u011b n\u00e1s kontaktujte.<\/p>\n\n\n\n<hr class=\"wp-block-separator has-alpha-channel-opacity\"\/>\n\n\n\n<h2 class=\"wp-block-heading\">Soubory cookie<\/h2>\n\n\n\n<p>Soubory cookie pou\u017e\u00edv\u00e1me ke zlep\u0161en\u00ed u\u017eivatelsk\u00e9ho komfortu a ke sledov\u00e1n\u00ed pou\u017e\u00edv\u00e1n\u00ed str\u00e1nek. Soubory cookie jsou mal\u00e9 soubory ulo\u017een\u00e9 ve va\u0161em za\u0159\u00edzen\u00ed, kter\u00e9 slou\u017e\u00ed nap\u0159\u00edklad k ov\u011b\u0159ov\u00e1n\u00ed a anal\u00fdze.<\/p>\n\n\n\n<p>Soubory cookie m\u016f\u017eete spravovat nebo blokovat prost\u0159ednictv\u00edm nastaven\u00ed prohl\u00ed\u017ee\u010de. Upozor\u0148ujeme, \u017ee zak\u00e1z\u00e1n\u00ed soubor\u016f cookie m\u016f\u017ee ovlivnit funk\u010dnost na\u0161ich slu\u017eeb.<\/p>\n\n\n\n<hr class=\"wp-block-separator has-alpha-channel-opacity\"\/>\n\n\n\n<h2 class=\"wp-block-heading\">Va\u0161e pr\u00e1va<\/h2>\n\n\n\n<p>V z\u00e1vislosti na m\u00edst\u011b, kde se nach\u00e1z\u00edte, m\u016f\u017eete m\u00edt n\u00e1sleduj\u00edc\u00ed pr\u00e1va t\u00fdkaj\u00edc\u00ed se va\u0161ich \u00fadaj\u016f:<\/p>\n\n\n\n<ul class=\"wp-block-list\">\n<li>po\u017e\u00e1dat o p\u0159\u00edstup ke sv\u00fdm \u00fadaj\u016fm, jejich opravu nebo vymaz\u00e1n\u00ed.<\/li>\n\n\n\n<li>vzn\u00e9st n\u00e1mitku nebo omezit zpracov\u00e1n\u00ed \u00fadaj\u016f.<\/li>\n\n\n\n<li>Kdykoli odvolat souhlas.<\/li>\n<\/ul>\n\n\n\n<p>Chcete-li uplatnit sv\u00e1 pr\u00e1va, kontaktujte n\u00e1s na adrese <strong><a href=\"mailto:support@tinychat.fun\">support@jerkay.us<\/a><\/strong>.<\/p>\n\n\n\n<hr class=\"wp-block-separator has-alpha-channel-opacity\"\/>\n\n\n\n<h2 class=\"wp-block-heading\">Soukrom\u00ed d\u011bt\u00ed<\/h2>\n\n\n\n<p>Jerkay.us nen\u00ed ur\u010den pro osoby mlad\u0161\u00ed 18 let. \u00dadaje od d\u011bt\u00ed v\u011bdom\u011b neshroma\u017e\u010fujeme. Pokud se dozv\u00edme, \u017ee byly shrom\u00e1\u017ed\u011bny \u00fadaje nezletil\u00e9 osoby, podnikneme kroky k jejich okam\u017eit\u00e9mu odstran\u011bn\u00ed.<\/p>\n\n\n\n<hr class=\"wp-block-separator has-alpha-channel-opacity\"\/>\n\n\n\n<h2 class=\"wp-block-heading\">Zm\u011bny<\/h2>\n\n\n\n<p>Tyto z\u00e1sady mohou b\u00fdt \u010das od \u010dasu aktualizov\u00e1ny. Pravideln\u011b tuto str\u00e1nku kontrolujte, abyste byli informov\u00e1ni o tom, jak chr\u00e1n\u00edme va\u0161e \u00fadaje.<\/p>\n\n\n\n<hr class=\"wp-block-separator has-alpha-channel-opacity\"\/>\n\n\n\n<h2 class=\"wp-block-heading\">Kontaktujte n\u00e1s<\/h2>\n\n\n\n<p>V p\u0159\u00edpad\u011b dotaz\u016f nebo obav t\u00fdkaj\u00edc\u00edch se t\u011bchto z\u00e1sad n\u00e1s kontaktujte na adrese <strong><a href=\"mailto:support@meetgle.cam\">support@Jerkay.us<\/a><\/strong>.<\/p>\n\n\n\n<p><\/p>","protected":false},"excerpt":{"rendered":"<p>We are committed to safeguarding the privacy of our service users. This policy applies where we act as a data controller with respect to the personal data of our service users; in other words, where we determine the purposes and means of processing personal data. By using our service, you consent to the transmission of [&hellip;]<\/p>","protected":false},"author":4,"featured_media":0,"parent":0,"menu_order":0,"comment_status":"closed","ping_status":"closed","template":"","meta":{"_acf_changed":false,"footnotes":""},"class_list":["post-141","page","type-page","status-publish","hentry"],"acf":[],"yoast_head":"<!-- This site is optimized with the Yoast SEO plugin v26.7 - https:\/\/yoast.com\/wordpress\/plugins\/seo\/ -->\n<title>Privacy Policy - Jerkay<\/title>\n<meta name=\"robots\" content=\"index, follow, max-snippet:-1, max-image-preview:large, max-video-preview:-1\" \/>\n<link rel=\"canonical\" href=\"https:\/\/www.jerkay.us\/cs\/privacy-policy-2\/\" \/>\n<meta property=\"og:locale\" content=\"cs_CZ\" \/>\n<meta property=\"og:type\" content=\"article\" \/>\n<meta property=\"og:title\" content=\"Privacy Policy - Jerkay\" \/>\n<meta property=\"og:description\" content=\"We are committed to safeguarding the privacy of our service users. This policy applies where we act as a data controller with respect to the personal data of our service users; in other words, where we determine the purposes and means of processing personal data. By using our service, you consent to the transmission of [&hellip;]\" \/>\n<meta property=\"og:url\" content=\"https:\/\/www.jerkay.us\/cs\/privacy-policy-2\/\" \/>\n<meta property=\"og:site_name\" content=\"Jerkay\" \/>\n<meta property=\"article:modified_time\" content=\"2025-12-27T12:36:10+00:00\" \/>\n<meta name=\"twitter:card\" content=\"summary_large_image\" \/>\n<meta name=\"twitter:label1\" content=\"Odhadovan\u00e1 doba \u010dten\u00ed\" \/>\n\t<meta name=\"twitter:data1\" content=\"5 minut\" \/>\n<script type=\"application\/ld+json\" class=\"yoast-schema-graph\">{\"@context\":\"https:\/\/schema.org\",\"@graph\":[{\"@type\":\"WebPage\",\"@id\":\"https:\/\/www.jerkay.us\/privacy-policy-2\/\",\"url\":\"https:\/\/www.jerkay.us\/privacy-policy-2\/\",\"name\":\"Privacy Policy - Jerkay\",\"isPartOf\":{\"@id\":\"https:\/\/www.jerkay.us\/fr\/#website\"},\"datePublished\":\"2023-03-14T10:42:48+00:00\",\"dateModified\":\"2025-12-27T12:36:10+00:00\",\"breadcrumb\":{\"@id\":\"https:\/\/www.jerkay.us\/privacy-policy-2\/#breadcrumb\"},\"inLanguage\":\"cs\",\"potentialAction\":[{\"@type\":\"ReadAction\",\"target\":[\"https:\/\/www.jerkay.us\/privacy-policy-2\/\"]}]},{\"@type\":\"BreadcrumbList\",\"@id\":\"https:\/\/www.jerkay.us\/privacy-policy-2\/#breadcrumb\",\"itemListElement\":[{\"@type\":\"ListItem\",\"position\":1,\"name\":\"Home\",\"item\":\"https:\/\/www.jerkay.us\/\"},{\"@type\":\"ListItem\",\"position\":2,\"name\":\"Privacy Policy\"}]},{\"@type\":\"WebSite\",\"@id\":\"https:\/\/www.jerkay.us\/fr\/#website\",\"url\":\"https:\/\/www.jerkay.us\/fr\/\",\"name\":\"Jerkay\",\"description\":\"\",\"potentialAction\":[{\"@type\":\"SearchAction\",\"target\":{\"@type\":\"EntryPoint\",\"urlTemplate\":\"https:\/\/www.jerkay.us\/fr\/?s={search_term_string}\"},\"query-input\":{\"@type\":\"PropertyValueSpecification\",\"valueRequired\":true,\"valueName\":\"search_term_string\"}}],\"inLanguage\":\"cs\"}]}<\/script>\n<!-- \/ Yoast SEO plugin. -->","yoast_head_json":{"title":"Z\u00e1sady ochrany osobn\u00edch \u00fadaj\u016f - Jerkay","robots":{"index":"index","follow":"follow","max-snippet":"max-snippet:-1","max-image-preview":"max-image-preview:large","max-video-preview":"max-video-preview:-1"},"canonical":"https:\/\/www.jerkay.us\/cs\/privacy-policy-2\/","og_locale":"cs_CZ","og_type":"article","og_title":"Privacy Policy - Jerkay","og_description":"We are committed to safeguarding the privacy of our service users. This policy applies where we act as a data controller with respect to the personal data of our service users; in other words, where we determine the purposes and means of processing personal data. By using our service, you consent to the transmission of [&hellip;]","og_url":"https:\/\/www.jerkay.us\/cs\/privacy-policy-2\/","og_site_name":"Jerkay","article_modified_time":"2025-12-27T12:36:10+00:00","twitter_card":"summary_large_image","twitter_misc":{"Odhadovan\u00e1 doba \u010dten\u00ed":"5 minut"},"schema":{"@context":"https:\/\/schema.org","@graph":[{"@type":"WebPage","@id":"https:\/\/www.jerkay.us\/privacy-policy-2\/","url":"https:\/\/www.jerkay.us\/privacy-policy-2\/","name":"Z\u00e1sady ochrany osobn\u00edch \u00fadaj\u016f - Jerkay","isPartOf":{"@id":"https:\/\/www.jerkay.us\/fr\/#website"},"datePublished":"2023-03-14T10:42:48+00:00","dateModified":"2025-12-27T12:36:10+00:00","breadcrumb":{"@id":"https:\/\/www.jerkay.us\/privacy-policy-2\/#breadcrumb"},"inLanguage":"cs","potentialAction":[{"@type":"ReadAction","target":["https:\/\/www.jerkay.us\/privacy-policy-2\/"]}]},{"@type":"BreadcrumbList","@id":"https:\/\/www.jerkay.us\/privacy-policy-2\/#breadcrumb","itemListElement":[{"@type":"ListItem","position":1,"name":"Home","item":"https:\/\/www.jerkay.us\/"},{"@type":"ListItem","position":2,"name":"Privacy Policy"}]},{"@type":"WebSite","@id":"https:\/\/www.jerkay.us\/fr\/#website","url":"https:\/\/www.jerkay.us\/fr\/","name":"Jerkay","description":"","potentialAction":[{"@type":"SearchAction","target":{"@type":"EntryPoint","urlTemplate":"https:\/\/www.jerkay.us\/fr\/?s={search_term_string}"},"query-input":{"@type":"PropertyValueSpecification","valueRequired":true,"valueName":"search_term_string"}}],"inLanguage":"cs"}]}},"_links":{"self":[{"href":"https:\/\/www.jerkay.us\/cs\/wp-json\/wp\/v2\/pages\/141","targetHints":{"allow":["GET"]}}],"collection":[{"href":"https:\/\/www.jerkay.us\/cs\/wp-json\/wp\/v2\/pages"}],"about":[{"href":"https:\/\/www.jerkay.us\/cs\/wp-json\/wp\/v2\/types\/page"}],"author":[{"embeddable":true,"href":"https:\/\/www.jerkay.us\/cs\/wp-json\/wp\/v2\/users\/4"}],"replies":[{"embeddable":true,"href":"https:\/\/www.jerkay.us\/cs\/wp-json\/wp\/v2\/comments?post=141"}],"version-history":[{"count":5,"href":"https:\/\/www.jerkay.us\/cs\/wp-json\/wp\/v2\/pages\/141\/revisions"}],"predecessor-version":[{"id":903,"href":"https:\/\/www.jerkay.us\/cs\/wp-json\/wp\/v2\/pages\/141\/revisions\/903"}],"wp:attachment":[{"href":"https:\/\/www.jerkay.us\/cs\/wp-json\/wp\/v2\/media?parent=141"}],"curies":[{"name":"wp","href":"https:\/\/api.w.org\/{rel}","templated":true}]}}